{"id":1215,"date":"2024-10-01T03:07:17","date_gmt":"2024-10-01T03:07:17","guid":{"rendered":"https:\/\/brujatarotista.com\/?post_type=product&#038;p=1215"},"modified":"2025-07-08T00:10:15","modified_gmt":"2025-07-08T00:10:15","slug":"lectura-mensual","status":"publish","type":"product","link":"https:\/\/brujatarotista.com\/en\/product\/lectura-mensual\/","title":{"rendered":"Lectura mensual"},"content":{"rendered":"<p><strong>\ud83d\udd2e Lectura mensual \u2013 7 Cartas para leer tu energ\u00eda <\/strong><\/p>\n<p>Una gu\u00eda m\u00e1gica y concreta para entender c\u00f3mo se mover\u00e1 tu energ\u00eda este mes en distintas \u00e1reas de tu vida. Ideal para quienes buscan claridad, direcci\u00f3n y conexi\u00f3n con su poder personal.<\/p>\n<p>\u2728 Las 7 cartas del mes:<\/p>\n<p><strong>1. Tu energ\u00eda este mes<\/strong>: \u00bfCon qu\u00e9 energ\u00eda vas a arrancar y vivir este mes? Esta carta muestra tu estado general: c\u00f3mo te vas a sentir, c\u00f3mo vas a estar vibrando y qu\u00e9 te impulsa.<br \/>\n<strong><br \/>\n2. El amor este mes<\/strong>: \u00bfQu\u00e9 pasa con tus emociones y tus v\u00ednculos? Puede hablar de pareja, deseo, conexi\u00f3n o necesidad de sanar tu coraz\u00f3n.<br \/>\n<strong><br \/>\n3. Trabajo y dinero<\/strong>: C\u00f3mo se mueve tu econom\u00eda o tu mundo laboral. Esta carta revela oportunidades, bloqueos o decisiones importantes en este plano.<br \/>\n<strong><br \/>\n4. Obst\u00e1culo o desaf\u00edo<\/strong>: Algo que puede complicarte o ponerte a prueba este mes. Un tema que se presenta para que crezcas y lo enfrentes con conciencia.<br \/>\n<strong><br \/>\n5. Energ\u00eda f\u00edsica y mental<\/strong>: \u00bfC\u00f3mo vas a estar de cuerpo y mente? Muestra tu nivel de energ\u00eda, vitalidad, salud o si necesit\u00e1s descansar m\u00e1s y bajar el ritmo.<\/p>\n<p><strong>6. Lo que necesit\u00e1s soltar<\/strong>: Algo que est\u00e1s cargando y ya no te sirve. Un h\u00e1bito, emoci\u00f3n, v\u00ednculo o pensamiento que es momento de dejar ir.<\/p>\n<p><strong>7. Consejo del universo<\/strong>: El mensaje clave para este mes. Una gu\u00eda para que lo vivas con m\u00e1s claridad, confianza y conexi\u00f3n con tu camino.<\/p>\n","protected":false},"excerpt":{"rendered":"<p>\ud83d\udd2e Lectura mensual \u2013 7 Cartas para leer tu energ\u00eda Una gu\u00eda m\u00e1gica y concreta para entender c\u00f3mo se mover\u00e1 tu energ\u00eda este mes en distintas \u00e1reas de tu vida. Ideal para quienes buscan claridad, direcci\u00f3n y conexi\u00f3n con su poder personal. \u2728 Las 7 cartas del mes: 1. Tu energ\u00eda este mes: \u00bfCon qu\u00e9 [&hellip;]<\/p>\n","protected":false},"featured_media":2675,"comment_status":"open","ping_status":"closed","template":"","meta":{"_uag_custom_page_level_css":"","site-sidebar-layout":"default","site-content-layout":"","ast-site-content-layout":"default","site-content-style":"default","site-sidebar-style":"default","ast-global-header-display":"","ast-banner-title-visibility":"","ast-main-header-display":"","ast-hfb-above-header-display":"","ast-hfb-below-header-display":"","ast-hfb-mobile-header-display":"","site-post-title":"","ast-breadcrumbs-content":"","ast-featured-img":"","footer-sml-layout":"","theme-transparent-header-meta":"default","adv-header-id-meta":"","stick-header-meta":"","header-above-stick-meta":"","header-main-stick-meta":"","header-below-stick-meta":"","astra-migrate-meta-layouts":"set","ast-page-background-enabled":"default","ast-page-background-meta":{"desktop":{"background-color":"var(--ast-global-color-4)","background-image":"","background-repeat":"repeat","background-position":"center center","background-size":"auto","background-attachment":"scroll","background-type":"","background-media":"","overlay-type":"","overlay-color":"","overlay-opacity":"","overlay-gradient":""},"tablet":{"background-color":"","background-image":"","background-repeat":"repeat","background-position":"center center","background-size":"auto","background-attachment":"scroll","background-type":"","background-media":"","overlay-type":"","overlay-color":"","overlay-opacity":"","overlay-gradient":""},"mobile":{"background-color":"","background-image":"","background-repeat":"repeat","background-position":"center center","background-size":"auto","background-attachment":"scroll","background-type":"","background-media":"","overlay-type":"","overlay-color":"","overlay-opacity":"","overlay-gradient":""}},"ast-content-background-meta":{"desktop":{"background-color":"var(--ast-global-color-5)","background-image":"","background-repeat":"repeat","background-position":"center center","background-size":"auto","background-attachment":"scroll","background-type":"","background-media":"","overlay-type":"","overlay-color":"","overlay-opacity":"","overlay-gradient":""},"tablet":{"background-color":"var(--ast-global-color-5)","background-image":"","background-repeat":"repeat","background-position":"center center","background-size":"auto","background-attachment":"scroll","background-type":"","background-media":"","overlay-type":"","overlay-color":"","overlay-opacity":"","overlay-gradient":""},"mobile":{"background-color":"var(--ast-global-color-5)","background-image":"","background-repeat":"repeat","background-position":"center center","background-size":"auto","background-attachment":"scroll","background-type":"","background-media":"","overlay-type":"","overlay-color":"","overlay-opacity":"","overlay-gradient":""}}},"product_brand":[],"product_cat":[22,28],"product_tag":[],"class_list":{"0":"post-1215","1":"product","2":"type-product","3":"status-publish","4":"has-post-thumbnail","6":"product_cat-sesiones","7":"product_cat-tarot","8":"desktop-align-left","9":"tablet-align-left","10":"mobile-align-left","12":"first","13":"instock","14":"shipping-taxable","15":"purchasable","16":"product-type-variable"},"aioseo_notices":[],"uagb_featured_image_src":{"full":["https:\/\/brujatarotista.com\/wp-content\/uploads\/2024\/10\/Lectura-mensual.png",1080,1080,false],"thumbnail":["https:\/\/brujatarotista.com\/wp-content\/uploads\/2024\/10\/Lectura-mensual-150x150.png",150,150,true],"medium":["https:\/\/brujatarotista.com\/wp-content\/uploads\/2024\/10\/Lectura-mensual-300x300.png",300,300,true],"medium_large":["https:\/\/brujatarotista.com\/wp-content\/uploads\/2024\/10\/Lectura-mensual-768x768.png",768,768,true],"large":["https:\/\/brujatarotista.com\/wp-content\/uploads\/2024\/10\/Lectura-mensual-1024x1024.png",1024,1024,true],"1536x1536":["https:\/\/brujatarotista.com\/wp-content\/uploads\/2024\/10\/Lectura-mensual.png",1080,1080,false],"2048x2048":["https:\/\/brujatarotista.com\/wp-content\/uploads\/2024\/10\/Lectura-mensual.png",1080,1080,false],"woocommerce_thumbnail":["https:\/\/brujatarotista.com\/wp-content\/uploads\/2024\/10\/Lectura-mensual-300x300.png",300,300,true],"woocommerce_single":["https:\/\/brujatarotista.com\/wp-content\/uploads\/2024\/10\/Lectura-mensual-600x600.png",600,600,true],"woocommerce_gallery_thumbnail":["https:\/\/brujatarotista.com\/wp-content\/uploads\/2024\/10\/Lectura-mensual-100x100.png",100,100,true]},"uagb_author_info":{"display_name":"Priscila Bisconti","author_link":"https:\/\/brujatarotista.com\/en\/author\/"},"uagb_comment_info":0,"uagb_excerpt":"\ud83d\udd2e Lectura mensual \u2013 7 Cartas para leer tu energ\u00eda Una gu\u00eda m\u00e1gica y concreta para entender c\u00f3mo se mover\u00e1 tu energ\u00eda este mes en distintas \u00e1reas de tu vida. Ideal para quienes buscan claridad, direcci\u00f3n y conexi\u00f3n con su poder personal. \u2728 Las 7 cartas del mes: 1. Tu energ\u00eda este mes: \u00bfCon qu\u00e9&hellip;","_links":{"self":[{"href":"https:\/\/brujatarotista.com\/en\/wp-json\/wp\/v2\/product\/1215","targetHints":{"allow":["GET"]}}],"collection":[{"href":"https:\/\/brujatarotista.com\/en\/wp-json\/wp\/v2\/product"}],"about":[{"href":"https:\/\/brujatarotista.com\/en\/wp-json\/wp\/v2\/types\/product"}],"replies":[{"embeddable":true,"href":"https:\/\/brujatarotista.com\/en\/wp-json\/wp\/v2\/comments?post=1215"}],"wp:featuredmedia":[{"embeddable":true,"href":"https:\/\/brujatarotista.com\/en\/wp-json\/wp\/v2\/media\/2675"}],"wp:attachment":[{"href":"https:\/\/brujatarotista.com\/en\/wp-json\/wp\/v2\/media?parent=1215"}],"wp:term":[{"taxonomy":"product_brand","embeddable":true,"href":"https:\/\/brujatarotista.com\/en\/wp-json\/wp\/v2\/product_brand?post=1215"},{"taxonomy":"product_cat","embeddable":true,"href":"https:\/\/brujatarotista.com\/en\/wp-json\/wp\/v2\/product_cat?post=1215"},{"taxonomy":"product_tag","embeddable":true,"href":"https:\/\/brujatarotista.com\/en\/wp-json\/wp\/v2\/product_tag?post=1215"}],"curies":[{"name":"wp","href":"https:\/\/api.w.org\/{rel}","templated":true}]}}