{"id":1228,"date":"2024-10-01T13:25:30","date_gmt":"2024-10-01T13:25:30","guid":{"rendered":"https:\/\/brujatarotista.com\/?post_type=product&#038;p=1228"},"modified":"2025-08-08T16:25:50","modified_gmt":"2025-08-08T16:25:50","slug":"lectura-videollamada","status":"publish","type":"product","link":"https:\/\/brujatarotista.com\/en\/product\/lectura-videollamada\/","title":{"rendered":"Lectura Videollamada"},"content":{"rendered":"<p><strong>Lectura Videollamada \u2013 Sesi\u00f3n Personalizada \ud83d\udd2e<\/strong><\/p>\n<p>Sum\u00e9rgete en una experiencia de tarot \u00fanica y reveladora. En esta videollamada de 1 hora, exploraremos a fondo las energ\u00edas que te rodean, brind\u00e1ndote claridad y orientaci\u00f3n en cualquier aspecto de tu vida.<\/p>\n<p>\u2728 <strong>Sin l\u00edmite de preguntas<\/strong> \u2013 Durante la sesi\u00f3n, podr\u00e1s realizar todas las consultas que desees y recibir m\u00faltiples lecturas seg\u00fan tus inquietudes.<br \/>\n\ud83d\udd2e <strong>Mensajes y consejos profundos<\/strong> \u2013 Obtendr\u00e1s respuestas que te ayudar\u00e1n a tomar decisiones con mayor confianza y alineaci\u00f3n.<br \/>\n\u23f3 <strong>Duraci\u00f3n: 1 hora<\/strong> \u2013 Un espacio dedicado exclusivamente a ti, en vivo y en conexi\u00f3n directa con el tarot.<\/p>\n<p>Reserva tu sesi\u00f3n y descubre lo que las cartas tienen preparadas para ti\u2660\ufe0f\u2728<\/p>\n","protected":false},"excerpt":{"rendered":"<p>Lectura Videollamada \u2013 Sesi\u00f3n Personalizada \ud83d\udd2e Sum\u00e9rgete en una experiencia de tarot \u00fanica y reveladora. En esta videollamada de 1 hora, exploraremos a fondo las energ\u00edas que te rodean, brind\u00e1ndote claridad y orientaci\u00f3n en cualquier aspecto de tu vida. \u2728 Sin l\u00edmite de preguntas \u2013 Durante la sesi\u00f3n, podr\u00e1s realizar todas las consultas que desees [&hellip;]<\/p>\n","protected":false},"featured_media":3492,"comment_status":"open","ping_status":"closed","template":"","meta":{"_uag_custom_page_level_css":"","site-sidebar-layout":"default","site-content-layout":"","ast-site-content-layout":"default","site-content-style":"default","site-sidebar-style":"default","ast-global-header-display":"","ast-banner-title-visibility":"","ast-main-header-display":"","ast-hfb-above-header-display":"","ast-hfb-below-header-display":"","ast-hfb-mobile-header-display":"","site-post-title":"","ast-breadcrumbs-content":"","ast-featured-img":"","footer-sml-layout":"","theme-transparent-header-meta":"default","adv-header-id-meta":"","stick-header-meta":"","header-above-stick-meta":"","header-main-stick-meta":"","header-below-stick-meta":"","astra-migrate-meta-layouts":"set","ast-page-background-enabled":"default","ast-page-background-meta":{"desktop":{"background-color":"var(--ast-global-color-4)","background-image":"","background-repeat":"repeat","background-position":"center center","background-size":"auto","background-attachment":"scroll","background-type":"","background-media":"","overlay-type":"","overlay-color":"","overlay-opacity":"","overlay-gradient":""},"tablet":{"background-color":"","background-image":"","background-repeat":"repeat","background-position":"center center","background-size":"auto","background-attachment":"scroll","background-type":"","background-media":"","overlay-type":"","overlay-color":"","overlay-opacity":"","overlay-gradient":""},"mobile":{"background-color":"","background-image":"","background-repeat":"repeat","background-position":"center center","background-size":"auto","background-attachment":"scroll","background-type":"","background-media":"","overlay-type":"","overlay-color":"","overlay-opacity":"","overlay-gradient":""}},"ast-content-background-meta":{"desktop":{"background-color":"var(--ast-global-color-5)","background-image":"","background-repeat":"repeat","background-position":"center center","background-size":"auto","background-attachment":"scroll","background-type":"","background-media":"","overlay-type":"","overlay-color":"","overlay-opacity":"","overlay-gradient":""},"tablet":{"background-color":"var(--ast-global-color-5)","background-image":"","background-repeat":"repeat","background-position":"center center","background-size":"auto","background-attachment":"scroll","background-type":"","background-media":"","overlay-type":"","overlay-color":"","overlay-opacity":"","overlay-gradient":""},"mobile":{"background-color":"var(--ast-global-color-5)","background-image":"","background-repeat":"repeat","background-position":"center center","background-size":"auto","background-attachment":"scroll","background-type":"","background-media":"","overlay-type":"","overlay-color":"","overlay-opacity":"","overlay-gradient":""}}},"product_brand":[],"product_cat":[22,28],"product_tag":[],"class_list":{"0":"post-1228","1":"product","2":"type-product","3":"status-publish","4":"has-post-thumbnail","6":"product_cat-sesiones","7":"product_cat-tarot","8":"desktop-align-left","9":"tablet-align-left","10":"mobile-align-left","12":"first","13":"instock","14":"shipping-taxable","15":"purchasable","16":"product-type-simple"},"aioseo_notices":[],"uagb_featured_image_src":{"full":["https:\/\/brujatarotista.com\/wp-content\/uploads\/2024\/10\/CARTAS-TODAS-IGUALES-TAMANO-2-1.png",1080,1080,false],"thumbnail":["https:\/\/brujatarotista.com\/wp-content\/uploads\/2024\/10\/CARTAS-TODAS-IGUALES-TAMANO-2-1-150x150.png",150,150,true],"medium":["https:\/\/brujatarotista.com\/wp-content\/uploads\/2024\/10\/CARTAS-TODAS-IGUALES-TAMANO-2-1-300x300.png",300,300,true],"medium_large":["https:\/\/brujatarotista.com\/wp-content\/uploads\/2024\/10\/CARTAS-TODAS-IGUALES-TAMANO-2-1-768x768.png",768,768,true],"large":["https:\/\/brujatarotista.com\/wp-content\/uploads\/2024\/10\/CARTAS-TODAS-IGUALES-TAMANO-2-1-1024x1024.png",1024,1024,true],"1536x1536":["https:\/\/brujatarotista.com\/wp-content\/uploads\/2024\/10\/CARTAS-TODAS-IGUALES-TAMANO-2-1.png",1080,1080,false],"2048x2048":["https:\/\/brujatarotista.com\/wp-content\/uploads\/2024\/10\/CARTAS-TODAS-IGUALES-TAMANO-2-1.png",1080,1080,false],"woocommerce_thumbnail":["https:\/\/brujatarotista.com\/wp-content\/uploads\/2024\/10\/CARTAS-TODAS-IGUALES-TAMANO-2-1-300x300.png",300,300,true],"woocommerce_single":["https:\/\/brujatarotista.com\/wp-content\/uploads\/2024\/10\/CARTAS-TODAS-IGUALES-TAMANO-2-1-600x600.png",600,600,true],"woocommerce_gallery_thumbnail":["https:\/\/brujatarotista.com\/wp-content\/uploads\/2024\/10\/CARTAS-TODAS-IGUALES-TAMANO-2-1-100x100.png",100,100,true]},"uagb_author_info":{"display_name":"Priscila Bisconti","author_link":"https:\/\/brujatarotista.com\/en\/author\/"},"uagb_comment_info":0,"uagb_excerpt":"Lectura Videollamada \u2013 Sesi\u00f3n Personalizada \ud83d\udd2e Sum\u00e9rgete en una experiencia de tarot \u00fanica y reveladora. En esta videollamada de 1 hora, exploraremos a fondo las energ\u00edas que te rodean, brind\u00e1ndote claridad y orientaci\u00f3n en cualquier aspecto de tu vida. \u2728 Sin l\u00edmite de preguntas \u2013 Durante la sesi\u00f3n, podr\u00e1s realizar todas las consultas que desees&hellip;","_links":{"self":[{"href":"https:\/\/brujatarotista.com\/en\/wp-json\/wp\/v2\/product\/1228","targetHints":{"allow":["GET"]}}],"collection":[{"href":"https:\/\/brujatarotista.com\/en\/wp-json\/wp\/v2\/product"}],"about":[{"href":"https:\/\/brujatarotista.com\/en\/wp-json\/wp\/v2\/types\/product"}],"replies":[{"embeddable":true,"href":"https:\/\/brujatarotista.com\/en\/wp-json\/wp\/v2\/comments?post=1228"}],"wp:featuredmedia":[{"embeddable":true,"href":"https:\/\/brujatarotista.com\/en\/wp-json\/wp\/v2\/media\/3492"}],"wp:attachment":[{"href":"https:\/\/brujatarotista.com\/en\/wp-json\/wp\/v2\/media?parent=1228"}],"wp:term":[{"taxonomy":"product_brand","embeddable":true,"href":"https:\/\/brujatarotista.com\/en\/wp-json\/wp\/v2\/product_brand?post=1228"},{"taxonomy":"product_cat","embeddable":true,"href":"https:\/\/brujatarotista.com\/en\/wp-json\/wp\/v2\/product_cat?post=1228"},{"taxonomy":"product_tag","embeddable":true,"href":"https:\/\/brujatarotista.com\/en\/wp-json\/wp\/v2\/product_tag?post=1228"}],"curies":[{"name":"wp","href":"https:\/\/api.w.org\/{rel}","templated":true}]}}