{"id":1243,"date":"2024-10-01T13:46:44","date_gmt":"2024-10-01T13:46:44","guid":{"rendered":"https:\/\/brujatarotista.com\/?post_type=product&#038;p=1243"},"modified":"2025-07-20T01:15:35","modified_gmt":"2025-07-20T01:15:35","slug":"lectura-energetica","status":"publish","type":"product","link":"https:\/\/brujatarotista.com\/en\/product\/lectura-energetica\/","title":{"rendered":"Lectura Energ\u00e9tica"},"content":{"rendered":"<p><strong>\u2728\u26a1 Lectura Energ\u00e9tica<\/strong><br \/>\nUna lectura profunda para escanear tu campo energ\u00e9tico y entender qu\u00e9 est\u00e1 pasando dentro y alrededor tuyo, aunque a\u00fan no lo puedas ver con claridad.<\/p>\n<p>Perfecta si:<br \/>\n\ud83c\udf11 Sent\u00eds cansancio, confusi\u00f3n o bloqueo sin motivo aparente<br \/>\n\ud83c\udf15 Est\u00e1s atravesando muchos cambios o movimientos internos<br \/>\n\ud83d\udd2e Quer\u00e9s alinear tu energ\u00eda con tus intenciones<br \/>\n\ud83c\udf00 Necesit\u00e1s claridad para tomar decisiones<\/p>\n<p>Esta lectura se realiza con 8 cartas del Tarot Rider Waite, y cada una representa una capa distinta de tu campo energ\u00e9tico:<\/p>\n<p><strong>1- Energ\u00eda que est\u00e1s emitiendo ahora <\/strong>\u2013 c\u00f3mo vibr\u00e1s y qu\u00e9 proyect\u00e1s al mundo<br \/>\n<strong>2- Energ\u00eda que est\u00e1s recibiendo del entorno<\/strong> \u2013 influencias externas, visibles o sutiles<br \/>\n<strong>3- Tu centro emocional \u2013<\/strong> c\u00f3mo est\u00e1 tu coraz\u00f3n y tu sensibilidad<br \/>\n<strong>4- Tu centro mental<\/strong> \u2013 c\u00f3mo est\u00e1 tu pensamiento, foco y claridad mental<br \/>\n<strong>5- Bloqueo energ\u00e9tico principal<\/strong> \u2013 lo que traba tu flujo o tu expansi\u00f3n<br \/>\n<strong>6- Recurso interno disponible<\/strong> \u2013 tu herramienta m\u00e1s fuerte en este momento<br \/>\n<strong>7- Movimiento energ\u00e9tico cercan<\/strong>o \u2013 lo que se est\u00e1 activando pr\u00f3ximamente<br \/>\n<strong>8- S\u00edntesis y consejo energ\u00e9tico<\/strong> \u2013 c\u00f3mo armonizarte y qu\u00e9 camino seguir<\/p>\n<p>\ud83d\udcab Esta lectura es un escaneo energ\u00e9tico profundo, para ayudarte a recuperar el eje, soltar interferencias y sintonizarte con tu frecuencia m\u00e1s aut\u00e9ntica.<\/p>\n","protected":false},"excerpt":{"rendered":"<p>\u2728\u26a1 Lectura Energ\u00e9tica Una lectura profunda para escanear tu campo energ\u00e9tico y entender qu\u00e9 est\u00e1 pasando dentro y alrededor tuyo, aunque a\u00fan no lo puedas ver con claridad. Perfecta si: \ud83c\udf11 Sent\u00eds cansancio, confusi\u00f3n o bloqueo sin motivo aparente \ud83c\udf15 Est\u00e1s atravesando muchos cambios o movimientos internos \ud83d\udd2e Quer\u00e9s alinear tu energ\u00eda con tus intenciones [&hellip;]<\/p>\n","protected":false},"featured_media":3420,"comment_status":"open","ping_status":"closed","template":"","meta":{"_uag_custom_page_level_css":"","site-sidebar-layout":"default","site-content-layout":"","ast-site-content-layout":"default","site-content-style":"default","site-sidebar-style":"default","ast-global-header-display":"","ast-banner-title-visibility":"","ast-main-header-display":"","ast-hfb-above-header-display":"","ast-hfb-below-header-display":"","ast-hfb-mobile-header-display":"","site-post-title":"","ast-breadcrumbs-content":"","ast-featured-img":"","footer-sml-layout":"","theme-transparent-header-meta":"default","adv-header-id-meta":"","stick-header-meta":"","header-above-stick-meta":"","header-main-stick-meta":"","header-below-stick-meta":"","astra-migrate-meta-layouts":"set","ast-page-background-enabled":"default","ast-page-background-meta":{"desktop":{"background-color":"var(--ast-global-color-4)","background-image":"","background-repeat":"repeat","background-position":"center center","background-size":"auto","background-attachment":"scroll","background-type":"","background-media":"","overlay-type":"","overlay-color":"","overlay-opacity":"","overlay-gradient":""},"tablet":{"background-color":"","background-image":"","background-repeat":"repeat","background-position":"center center","background-size":"auto","background-attachment":"scroll","background-type":"","background-media":"","overlay-type":"","overlay-color":"","overlay-opacity":"","overlay-gradient":""},"mobile":{"background-color":"","background-image":"","background-repeat":"repeat","background-position":"center center","background-size":"auto","background-attachment":"scroll","background-type":"","background-media":"","overlay-type":"","overlay-color":"","overlay-opacity":"","overlay-gradient":""}},"ast-content-background-meta":{"desktop":{"background-color":"var(--ast-global-color-5)","background-image":"","background-repeat":"repeat","background-position":"center center","background-size":"auto","background-attachment":"scroll","background-type":"","background-media":"","overlay-type":"","overlay-color":"","overlay-opacity":"","overlay-gradient":""},"tablet":{"background-color":"var(--ast-global-color-5)","background-image":"","background-repeat":"repeat","background-position":"center center","background-size":"auto","background-attachment":"scroll","background-type":"","background-media":"","overlay-type":"","overlay-color":"","overlay-opacity":"","overlay-gradient":""},"mobile":{"background-color":"var(--ast-global-color-5)","background-image":"","background-repeat":"repeat","background-position":"center center","background-size":"auto","background-attachment":"scroll","background-type":"","background-media":"","overlay-type":"","overlay-color":"","overlay-opacity":"","overlay-gradient":""}}},"product_brand":[],"product_cat":[22,28],"product_tag":[],"class_list":{"0":"post-1243","1":"product","2":"type-product","3":"status-publish","4":"has-post-thumbnail","6":"product_cat-sesiones","7":"product_cat-tarot","8":"desktop-align-left","9":"tablet-align-left","10":"mobile-align-left","12":"first","13":"instock","14":"shipping-taxable","15":"purchasable","16":"product-type-variable"},"aioseo_notices":[],"uagb_featured_image_src":{"full":["https:\/\/brujatarotista.com\/wp-content\/uploads\/2024\/10\/CARTAS-TODAS-IGUALES-TAMANO-13.png",1080,1080,false],"thumbnail":["https:\/\/brujatarotista.com\/wp-content\/uploads\/2024\/10\/CARTAS-TODAS-IGUALES-TAMANO-13-150x150.png",150,150,true],"medium":["https:\/\/brujatarotista.com\/wp-content\/uploads\/2024\/10\/CARTAS-TODAS-IGUALES-TAMANO-13-300x300.png",300,300,true],"medium_large":["https:\/\/brujatarotista.com\/wp-content\/uploads\/2024\/10\/CARTAS-TODAS-IGUALES-TAMANO-13-768x768.png",768,768,true],"large":["https:\/\/brujatarotista.com\/wp-content\/uploads\/2024\/10\/CARTAS-TODAS-IGUALES-TAMANO-13-1024x1024.png",1024,1024,true],"1536x1536":["https:\/\/brujatarotista.com\/wp-content\/uploads\/2024\/10\/CARTAS-TODAS-IGUALES-TAMANO-13.png",1080,1080,false],"2048x2048":["https:\/\/brujatarotista.com\/wp-content\/uploads\/2024\/10\/CARTAS-TODAS-IGUALES-TAMANO-13.png",1080,1080,false],"woocommerce_thumbnail":["https:\/\/brujatarotista.com\/wp-content\/uploads\/2024\/10\/CARTAS-TODAS-IGUALES-TAMANO-13-300x300.png",300,300,true],"woocommerce_single":["https:\/\/brujatarotista.com\/wp-content\/uploads\/2024\/10\/CARTAS-TODAS-IGUALES-TAMANO-13-600x600.png",600,600,true],"woocommerce_gallery_thumbnail":["https:\/\/brujatarotista.com\/wp-content\/uploads\/2024\/10\/CARTAS-TODAS-IGUALES-TAMANO-13-100x100.png",100,100,true]},"uagb_author_info":{"display_name":"Priscila Bisconti","author_link":"https:\/\/brujatarotista.com\/en\/author\/"},"uagb_comment_info":0,"uagb_excerpt":"\u2728\u26a1 Lectura Energ\u00e9tica Una lectura profunda para escanear tu campo energ\u00e9tico y entender qu\u00e9 est\u00e1 pasando dentro y alrededor tuyo, aunque a\u00fan no lo puedas ver con claridad. Perfecta si: \ud83c\udf11 Sent\u00eds cansancio, confusi\u00f3n o bloqueo sin motivo aparente \ud83c\udf15 Est\u00e1s atravesando muchos cambios o movimientos internos \ud83d\udd2e Quer\u00e9s alinear tu energ\u00eda con tus intenciones&hellip;","_links":{"self":[{"href":"https:\/\/brujatarotista.com\/en\/wp-json\/wp\/v2\/product\/1243","targetHints":{"allow":["GET"]}}],"collection":[{"href":"https:\/\/brujatarotista.com\/en\/wp-json\/wp\/v2\/product"}],"about":[{"href":"https:\/\/brujatarotista.com\/en\/wp-json\/wp\/v2\/types\/product"}],"replies":[{"embeddable":true,"href":"https:\/\/brujatarotista.com\/en\/wp-json\/wp\/v2\/comments?post=1243"}],"wp:featuredmedia":[{"embeddable":true,"href":"https:\/\/brujatarotista.com\/en\/wp-json\/wp\/v2\/media\/3420"}],"wp:attachment":[{"href":"https:\/\/brujatarotista.com\/en\/wp-json\/wp\/v2\/media?parent=1243"}],"wp:term":[{"taxonomy":"product_brand","embeddable":true,"href":"https:\/\/brujatarotista.com\/en\/wp-json\/wp\/v2\/product_brand?post=1243"},{"taxonomy":"product_cat","embeddable":true,"href":"https:\/\/brujatarotista.com\/en\/wp-json\/wp\/v2\/product_cat?post=1243"},{"taxonomy":"product_tag","embeddable":true,"href":"https:\/\/brujatarotista.com\/en\/wp-json\/wp\/v2\/product_tag?post=1243"}],"curies":[{"name":"wp","href":"https:\/\/api.w.org\/{rel}","templated":true}]}}