{"id":1261,"date":"2024-10-01T15:01:00","date_gmt":"2024-10-01T15:01:00","guid":{"rendered":"https:\/\/brujatarotista.com\/?post_type=product&#038;p=1261"},"modified":"2025-08-04T18:45:42","modified_gmt":"2025-08-04T18:45:42","slug":"lectura-del-karma","status":"publish","type":"product","link":"https:\/\/brujatarotista.com\/en\/product\/lectura-del-karma\/","title":{"rendered":"Lectura Karma"},"content":{"rendered":"<p><strong>\ud83d\udd25\u2696\ufe0f Lectura de Karma <\/strong><br \/>\nUna lectura poderosa para comprender las heridas, aprendizajes y contratos del alma que arrastr\u00e1s de otras vidas o de tu linaje, y c\u00f3mo pod\u00e9s liberarte en esta encarnaci\u00f3n.<\/p>\n<p>Ideal si sent\u00eds que:<br \/>\n\u2728 Est\u00e1s repitiendo patrones que no entend\u00e9s<br \/>\n\u2728 Hay v\u00ednculos o situaciones que se sienten \u201ck\u00e1rmicos\u201d<br \/>\n\u2728 Ten\u00e9s una carga emocional o energ\u00e9tica dif\u00edcil de soltar<br \/>\n\u2728 Quer\u00e9s entender tu misi\u00f3n y prop\u00f3sito en esta vida<\/p>\n<p>Esta lectura se canaliza con el Tarot Rider Waite, a trav\u00e9s de 8 cartas que revelan el mapa energ\u00e9tico de tu karma y su transformaci\u00f3n posible:<\/p>\n<p><strong>1- Karma principal que tra\u00e9s de vidas pasadas<br \/>\n2- Herida k\u00e1rmica que necesit\u00e1s sanar en esta vida<br \/>\n3- Qu\u00e9 est\u00e1s repitiendo inconscientemente<br \/>\n4- V\u00ednculo o situaci\u00f3n que refleja ese karma<br \/>\n5- Lecci\u00f3n espiritual que tu alma quiere integrar<br \/>\n6- Qu\u00e9 ya sanaste y pod\u00e9s soltar<br \/>\n7- Herramienta o gu\u00eda para cortar con el ciclo k\u00e1rmico<\/strong><br \/>\n<strong>8- S\u00edntesis: <\/strong>c\u00f3mo transformar tu karma en sabidur\u00eda<\/p>\n<p>\ud83d\udcab Esta lectura te ayuda a ver m\u00e1s all\u00e1 del plano material, entender tu proceso desde el alma y tomar decisiones desde un lugar m\u00e1s elevado y consciente.<\/p>\n<p>El tarot abre puertas al entendimiento. Vos decid\u00eds si las cruz\u00e1s.<\/p>\n","protected":false},"excerpt":{"rendered":"<p>\ud83d\udd25\u2696\ufe0f Lectura de Karma Una lectura poderosa para comprender las heridas, aprendizajes y contratos del alma que arrastr\u00e1s de otras vidas o de tu linaje, y c\u00f3mo pod\u00e9s liberarte en esta encarnaci\u00f3n. Ideal si sent\u00eds que: \u2728 Est\u00e1s repitiendo patrones que no entend\u00e9s \u2728 Hay v\u00ednculos o situaciones que se sienten \u201ck\u00e1rmicos\u201d \u2728 Ten\u00e9s una [&hellip;]<\/p>\n","protected":false},"featured_media":3414,"comment_status":"open","ping_status":"closed","template":"","meta":{"_uag_custom_page_level_css":"","site-sidebar-layout":"default","site-content-layout":"","ast-site-content-layout":"default","site-content-style":"default","site-sidebar-style":"default","ast-global-header-display":"","ast-banner-title-visibility":"","ast-main-header-display":"","ast-hfb-above-header-display":"","ast-hfb-below-header-display":"","ast-hfb-mobile-header-display":"","site-post-title":"","ast-breadcrumbs-content":"","ast-featured-img":"","footer-sml-layout":"","theme-transparent-header-meta":"default","adv-header-id-meta":"","stick-header-meta":"","header-above-stick-meta":"","header-main-stick-meta":"","header-below-stick-meta":"","astra-migrate-meta-layouts":"set","ast-page-background-enabled":"default","ast-page-background-meta":{"desktop":{"background-color":"var(--ast-global-color-4)","background-image":"","background-repeat":"repeat","background-position":"center center","background-size":"auto","background-attachment":"scroll","background-type":"","background-media":"","overlay-type":"","overlay-color":"","overlay-opacity":"","overlay-gradient":""},"tablet":{"background-color":"","background-image":"","background-repeat":"repeat","background-position":"center center","background-size":"auto","background-attachment":"scroll","background-type":"","background-media":"","overlay-type":"","overlay-color":"","overlay-opacity":"","overlay-gradient":""},"mobile":{"background-color":"","background-image":"","background-repeat":"repeat","background-position":"center center","background-size":"auto","background-attachment":"scroll","background-type":"","background-media":"","overlay-type":"","overlay-color":"","overlay-opacity":"","overlay-gradient":""}},"ast-content-background-meta":{"desktop":{"background-color":"var(--ast-global-color-5)","background-image":"","background-repeat":"repeat","background-position":"center center","background-size":"auto","background-attachment":"scroll","background-type":"","background-media":"","overlay-type":"","overlay-color":"","overlay-opacity":"","overlay-gradient":""},"tablet":{"background-color":"var(--ast-global-color-5)","background-image":"","background-repeat":"repeat","background-position":"center center","background-size":"auto","background-attachment":"scroll","background-type":"","background-media":"","overlay-type":"","overlay-color":"","overlay-opacity":"","overlay-gradient":""},"mobile":{"background-color":"var(--ast-global-color-5)","background-image":"","background-repeat":"repeat","background-position":"center center","background-size":"auto","background-attachment":"scroll","background-type":"","background-media":"","overlay-type":"","overlay-color":"","overlay-opacity":"","overlay-gradient":""}}},"product_brand":[],"product_cat":[22,28],"product_tag":[],"class_list":{"0":"post-1261","1":"product","2":"type-product","3":"status-publish","4":"has-post-thumbnail","6":"product_cat-sesiones","7":"product_cat-tarot","8":"desktop-align-left","9":"tablet-align-left","10":"mobile-align-left","12":"first","13":"instock","14":"shipping-taxable","15":"purchasable","16":"product-type-variable"},"aioseo_notices":[],"uagb_featured_image_src":{"full":["https:\/\/brujatarotista.com\/wp-content\/uploads\/2024\/10\/CARTAS-TODAS-IGUALES-TAMANO-10.png",1080,1080,false],"thumbnail":["https:\/\/brujatarotista.com\/wp-content\/uploads\/2024\/10\/CARTAS-TODAS-IGUALES-TAMANO-10-150x150.png",150,150,true],"medium":["https:\/\/brujatarotista.com\/wp-content\/uploads\/2024\/10\/CARTAS-TODAS-IGUALES-TAMANO-10-300x300.png",300,300,true],"medium_large":["https:\/\/brujatarotista.com\/wp-content\/uploads\/2024\/10\/CARTAS-TODAS-IGUALES-TAMANO-10-768x768.png",768,768,true],"large":["https:\/\/brujatarotista.com\/wp-content\/uploads\/2024\/10\/CARTAS-TODAS-IGUALES-TAMANO-10-1024x1024.png",1024,1024,true],"1536x1536":["https:\/\/brujatarotista.com\/wp-content\/uploads\/2024\/10\/CARTAS-TODAS-IGUALES-TAMANO-10.png",1080,1080,false],"2048x2048":["https:\/\/brujatarotista.com\/wp-content\/uploads\/2024\/10\/CARTAS-TODAS-IGUALES-TAMANO-10.png",1080,1080,false],"woocommerce_thumbnail":["https:\/\/brujatarotista.com\/wp-content\/uploads\/2024\/10\/CARTAS-TODAS-IGUALES-TAMANO-10-300x300.png",300,300,true],"woocommerce_single":["https:\/\/brujatarotista.com\/wp-content\/uploads\/2024\/10\/CARTAS-TODAS-IGUALES-TAMANO-10-600x600.png",600,600,true],"woocommerce_gallery_thumbnail":["https:\/\/brujatarotista.com\/wp-content\/uploads\/2024\/10\/CARTAS-TODAS-IGUALES-TAMANO-10-100x100.png",100,100,true]},"uagb_author_info":{"display_name":"Priscila Bisconti","author_link":"https:\/\/brujatarotista.com\/en\/author\/"},"uagb_comment_info":0,"uagb_excerpt":"\ud83d\udd25\u2696\ufe0f Lectura de Karma Una lectura poderosa para comprender las heridas, aprendizajes y contratos del alma que arrastr\u00e1s de otras vidas o de tu linaje, y c\u00f3mo pod\u00e9s liberarte en esta encarnaci\u00f3n. Ideal si sent\u00eds que: \u2728 Est\u00e1s repitiendo patrones que no entend\u00e9s \u2728 Hay v\u00ednculos o situaciones que se sienten \u201ck\u00e1rmicos\u201d \u2728 Ten\u00e9s una&hellip;","_links":{"self":[{"href":"https:\/\/brujatarotista.com\/en\/wp-json\/wp\/v2\/product\/1261","targetHints":{"allow":["GET"]}}],"collection":[{"href":"https:\/\/brujatarotista.com\/en\/wp-json\/wp\/v2\/product"}],"about":[{"href":"https:\/\/brujatarotista.com\/en\/wp-json\/wp\/v2\/types\/product"}],"replies":[{"embeddable":true,"href":"https:\/\/brujatarotista.com\/en\/wp-json\/wp\/v2\/comments?post=1261"}],"wp:featuredmedia":[{"embeddable":true,"href":"https:\/\/brujatarotista.com\/en\/wp-json\/wp\/v2\/media\/3414"}],"wp:attachment":[{"href":"https:\/\/brujatarotista.com\/en\/wp-json\/wp\/v2\/media?parent=1261"}],"wp:term":[{"taxonomy":"product_brand","embeddable":true,"href":"https:\/\/brujatarotista.com\/en\/wp-json\/wp\/v2\/product_brand?post=1261"},{"taxonomy":"product_cat","embeddable":true,"href":"https:\/\/brujatarotista.com\/en\/wp-json\/wp\/v2\/product_cat?post=1261"},{"taxonomy":"product_tag","embeddable":true,"href":"https:\/\/brujatarotista.com\/en\/wp-json\/wp\/v2\/product_tag?post=1261"}],"curies":[{"name":"wp","href":"https:\/\/api.w.org\/{rel}","templated":true}]}}