{"id":1266,"date":"2024-10-01T14:06:13","date_gmt":"2024-10-01T14:06:13","guid":{"rendered":"https:\/\/brujatarotista.com\/?post_type=product&#038;p=1266"},"modified":"2025-08-08T15:48:34","modified_gmt":"2025-08-08T15:48:34","slug":"lectura-pareja-vinculo-doble","status":"publish","type":"product","link":"https:\/\/brujatarotista.com\/en\/product\/lectura-pareja-vinculo-doble\/","title":{"rendered":"Lectura Pareja\/Vinculo doble"},"content":{"rendered":"<p><strong>Lectura de pareja o v\u00ednculo doble<\/strong><br \/>\n\u00bfQuer\u00e9s entender mejor lo que sucede entre vos y esa persona especial? Esta lectura est\u00e1 dise\u00f1ada para explorar la energ\u00eda que fluye entre dos personas, ya sea con tu pareja actual, una ex pareja, alguien que te gusta o con quien sent\u00eds una conexi\u00f3n especial. Se realiza con dos mazos de tarot: <strong>el Rider Waite y el Tarot espa\u00f1ol<\/strong>, lo que permite una mirada profunda y completa del v\u00ednculo.<\/p>\n<p>\ud83d\udd2e<strong>Con el Tarot Rider Waite se explora:<\/strong><br \/>\n\u2728La comunicaci\u00f3n<br \/>\n\u2728Los sentimientos de ambos<br \/>\n\u2728La qu\u00edmica sexual<br \/>\n\u2728El presente del v\u00ednculo<br \/>\n\u2728El pasado que los une o afecta<br \/>\n\u2728El futuro cercano<br \/>\n\u2728Virtudes y defectos de cada uno en la relaci\u00f3n<\/p>\n<p>\ud83d\udd2e<strong>Con el Tarot espa\u00f1ol se lee el mazo completo para revelar:<\/strong><br \/>\n\u2728Informaci\u00f3n clave sobre ambas personas<br \/>\n\u2728Energ\u00eda disponible en el v\u00ednculo<\/p>\n<p>Adem\u00e1s, pod\u00e9s sumar 1, 3 o hasta 5 preguntas espec\u00edficas para personalizar a\u00fan m\u00e1s tu lectura y recibir orientaci\u00f3n directa sobre lo que m\u00e1s te importa saber. Ideal para quienes buscan claridad, comprensi\u00f3n y gu\u00eda para mejorar o sanar una relaci\u00f3n.<\/p>\n","protected":false},"excerpt":{"rendered":"<p>Lectura de pareja o v\u00ednculo doble \u00bfQuer\u00e9s entender mejor lo que sucede entre vos y esa persona especial? Esta lectura est\u00e1 dise\u00f1ada para explorar la energ\u00eda que fluye entre dos personas, ya sea con tu pareja actual, una ex pareja, alguien que te gusta o con quien sent\u00eds una conexi\u00f3n especial. Se realiza con dos [&hellip;]<\/p>\n","protected":false},"featured_media":3368,"comment_status":"open","ping_status":"closed","template":"","meta":{"_uag_custom_page_level_css":"","site-sidebar-layout":"default","site-content-layout":"","ast-site-content-layout":"default","site-content-style":"default","site-sidebar-style":"default","ast-global-header-display":"","ast-banner-title-visibility":"","ast-main-header-display":"","ast-hfb-above-header-display":"","ast-hfb-below-header-display":"","ast-hfb-mobile-header-display":"","site-post-title":"","ast-breadcrumbs-content":"","ast-featured-img":"","footer-sml-layout":"","theme-transparent-header-meta":"default","adv-header-id-meta":"","stick-header-meta":"","header-above-stick-meta":"","header-main-stick-meta":"","header-below-stick-meta":"","astra-migrate-meta-layouts":"set","ast-page-background-enabled":"default","ast-page-background-meta":{"desktop":{"background-color":"var(--ast-global-color-4)","background-image":"","background-repeat":"repeat","background-position":"center center","background-size":"auto","background-attachment":"scroll","background-type":"","background-media":"","overlay-type":"","overlay-color":"","overlay-opacity":"","overlay-gradient":""},"tablet":{"background-color":"","background-image":"","background-repeat":"repeat","background-position":"center center","background-size":"auto","background-attachment":"scroll","background-type":"","background-media":"","overlay-type":"","overlay-color":"","overlay-opacity":"","overlay-gradient":""},"mobile":{"background-color":"","background-image":"","background-repeat":"repeat","background-position":"center center","background-size":"auto","background-attachment":"scroll","background-type":"","background-media":"","overlay-type":"","overlay-color":"","overlay-opacity":"","overlay-gradient":""}},"ast-content-background-meta":{"desktop":{"background-color":"var(--ast-global-color-5)","background-image":"","background-repeat":"repeat","background-position":"center center","background-size":"auto","background-attachment":"scroll","background-type":"","background-media":"","overlay-type":"","overlay-color":"","overlay-opacity":"","overlay-gradient":""},"tablet":{"background-color":"var(--ast-global-color-5)","background-image":"","background-repeat":"repeat","background-position":"center center","background-size":"auto","background-attachment":"scroll","background-type":"","background-media":"","overlay-type":"","overlay-color":"","overlay-opacity":"","overlay-gradient":""},"mobile":{"background-color":"var(--ast-global-color-5)","background-image":"","background-repeat":"repeat","background-position":"center center","background-size":"auto","background-attachment":"scroll","background-type":"","background-media":"","overlay-type":"","overlay-color":"","overlay-opacity":"","overlay-gradient":""}}},"product_brand":[],"product_cat":[22,28],"product_tag":[],"class_list":{"0":"post-1266","1":"product","2":"type-product","3":"status-publish","4":"has-post-thumbnail","6":"product_cat-sesiones","7":"product_cat-tarot","8":"desktop-align-left","9":"tablet-align-left","10":"mobile-align-left","12":"first","13":"instock","14":"shipping-taxable","15":"purchasable","16":"product-type-variable"},"aioseo_notices":[],"uagb_featured_image_src":{"full":["https:\/\/brujatarotista.com\/wp-content\/uploads\/2024\/10\/CARTAS-TODAS-IGUALES-TAMANO-1-2.png",1080,1080,false],"thumbnail":["https:\/\/brujatarotista.com\/wp-content\/uploads\/2024\/10\/CARTAS-TODAS-IGUALES-TAMANO-1-2-150x150.png",150,150,true],"medium":["https:\/\/brujatarotista.com\/wp-content\/uploads\/2024\/10\/CARTAS-TODAS-IGUALES-TAMANO-1-2-300x300.png",300,300,true],"medium_large":["https:\/\/brujatarotista.com\/wp-content\/uploads\/2024\/10\/CARTAS-TODAS-IGUALES-TAMANO-1-2-768x768.png",768,768,true],"large":["https:\/\/brujatarotista.com\/wp-content\/uploads\/2024\/10\/CARTAS-TODAS-IGUALES-TAMANO-1-2-1024x1024.png",1024,1024,true],"1536x1536":["https:\/\/brujatarotista.com\/wp-content\/uploads\/2024\/10\/CARTAS-TODAS-IGUALES-TAMANO-1-2.png",1080,1080,false],"2048x2048":["https:\/\/brujatarotista.com\/wp-content\/uploads\/2024\/10\/CARTAS-TODAS-IGUALES-TAMANO-1-2.png",1080,1080,false],"woocommerce_thumbnail":["https:\/\/brujatarotista.com\/wp-content\/uploads\/2024\/10\/CARTAS-TODAS-IGUALES-TAMANO-1-2-300x300.png",300,300,true],"woocommerce_single":["https:\/\/brujatarotista.com\/wp-content\/uploads\/2024\/10\/CARTAS-TODAS-IGUALES-TAMANO-1-2-600x600.png",600,600,true],"woocommerce_gallery_thumbnail":["https:\/\/brujatarotista.com\/wp-content\/uploads\/2024\/10\/CARTAS-TODAS-IGUALES-TAMANO-1-2-100x100.png",100,100,true]},"uagb_author_info":{"display_name":"Priscila Bisconti","author_link":"https:\/\/brujatarotista.com\/en\/author\/"},"uagb_comment_info":0,"uagb_excerpt":"Lectura de pareja o v\u00ednculo doble \u00bfQuer\u00e9s entender mejor lo que sucede entre vos y esa persona especial? Esta lectura est\u00e1 dise\u00f1ada para explorar la energ\u00eda que fluye entre dos personas, ya sea con tu pareja actual, una ex pareja, alguien que te gusta o con quien sent\u00eds una conexi\u00f3n especial. Se realiza con dos&hellip;","_links":{"self":[{"href":"https:\/\/brujatarotista.com\/en\/wp-json\/wp\/v2\/product\/1266","targetHints":{"allow":["GET"]}}],"collection":[{"href":"https:\/\/brujatarotista.com\/en\/wp-json\/wp\/v2\/product"}],"about":[{"href":"https:\/\/brujatarotista.com\/en\/wp-json\/wp\/v2\/types\/product"}],"replies":[{"embeddable":true,"href":"https:\/\/brujatarotista.com\/en\/wp-json\/wp\/v2\/comments?post=1266"}],"wp:featuredmedia":[{"embeddable":true,"href":"https:\/\/brujatarotista.com\/en\/wp-json\/wp\/v2\/media\/3368"}],"wp:attachment":[{"href":"https:\/\/brujatarotista.com\/en\/wp-json\/wp\/v2\/media?parent=1266"}],"wp:term":[{"taxonomy":"product_brand","embeddable":true,"href":"https:\/\/brujatarotista.com\/en\/wp-json\/wp\/v2\/product_brand?post=1266"},{"taxonomy":"product_cat","embeddable":true,"href":"https:\/\/brujatarotista.com\/en\/wp-json\/wp\/v2\/product_cat?post=1266"},{"taxonomy":"product_tag","embeddable":true,"href":"https:\/\/brujatarotista.com\/en\/wp-json\/wp\/v2\/product_tag?post=1266"}],"curies":[{"name":"wp","href":"https:\/\/api.w.org\/{rel}","templated":true}]}}