{"id":1283,"date":"2024-10-01T14:37:07","date_gmt":"2024-10-01T14:37:07","guid":{"rendered":"https:\/\/brujatarotista.com\/?post_type=product&#038;p=1283"},"modified":"2025-08-10T21:05:00","modified_gmt":"2025-08-10T21:05:00","slug":"lectura-espiritual","status":"publish","type":"product","link":"https:\/\/brujatarotista.com\/en\/product\/lectura-espiritual\/","title":{"rendered":"Lectura Espiritual"},"content":{"rendered":"<p><strong>\ud83c\udf19\ud83d\udd2e Lectura Espiritual <\/strong><br \/>\nUna lectura profunda y sagrada para conectar con tu alma, comprender tu proceso evolutivo y recibir gu\u00eda del plano espiritual.<\/p>\n<p>Ideal si:<br \/>\n\u2728 Est\u00e1s atravesando un despertar espiritual<br \/>\n\u2728 Sent\u00eds un llamado interno, pero no sab\u00e9s hacia d\u00f3nde ir<br \/>\n\u2728 Est\u00e1s transitando un momento de transformaci\u00f3n o crisis<br \/>\n\u2728 Quer\u00e9s alinear tu vida con tu prop\u00f3sito m\u00e1s elevado<\/p>\n<p>Se canaliza con 10 cartas del Tarot Rider Waite, explorando distintos niveles de tu camino espiritual:<\/p>\n<p><strong>1- Tu estado espiritual actual \u2013 c\u00f3mo est\u00e1 tu energ\u00eda y tu alma en este momento<br \/>\n2- Qu\u00e9 est\u00e1s despertando o activando en vos<br \/>\n3- Con qu\u00e9 energ\u00eda sagrada est\u00e1s conectada hoy<br \/>\n4- Qu\u00e9 parte de vos necesita m\u00e1s luz y conciencia<br \/>\n5- Qu\u00e9 deb\u00e9s dejar atr\u00e1s para evolucionar<br \/>\n6- Lecci\u00f3n espiritual del momento presente<br \/>\n7- Mensaje de tu Gu\u00eda \/ Ser Superior<br \/>\n8- Tu conexi\u00f3n con lo divino \/ espiritualidad<br \/>\n9- Camino o misi\u00f3n que tu alma desea manifestar<br \/>\n10- S\u00edntesis del proceso:<\/strong> integraci\u00f3n, gu\u00eda y pr\u00f3xima etapa<\/p>\n<p>\ud83d\udcab Esta lectura es una puerta hacia vos misma, hacia tu sabidur\u00eda interna y hacia el prop\u00f3sito m\u00e1s elevado de tu alma. El tarot no solo responde: despierta\ud83c\udf1f<\/p>\n","protected":false},"excerpt":{"rendered":"<p>\ud83c\udf19\ud83d\udd2e Lectura Espiritual Una lectura profunda y sagrada para conectar con tu alma, comprender tu proceso evolutivo y recibir gu\u00eda del plano espiritual. Ideal si: \u2728 Est\u00e1s atravesando un despertar espiritual \u2728 Sent\u00eds un llamado interno, pero no sab\u00e9s hacia d\u00f3nde ir \u2728 Est\u00e1s transitando un momento de transformaci\u00f3n o crisis \u2728 Quer\u00e9s alinear tu [&hellip;]<\/p>\n","protected":false},"featured_media":3416,"comment_status":"open","ping_status":"closed","template":"","meta":{"_uag_custom_page_level_css":"","site-sidebar-layout":"default","site-content-layout":"","ast-site-content-layout":"default","site-content-style":"default","site-sidebar-style":"default","ast-global-header-display":"","ast-banner-title-visibility":"","ast-main-header-display":"","ast-hfb-above-header-display":"","ast-hfb-below-header-display":"","ast-hfb-mobile-header-display":"","site-post-title":"","ast-breadcrumbs-content":"","ast-featured-img":"","footer-sml-layout":"","theme-transparent-header-meta":"default","adv-header-id-meta":"","stick-header-meta":"","header-above-stick-meta":"","header-main-stick-meta":"","header-below-stick-meta":"","astra-migrate-meta-layouts":"set","ast-page-background-enabled":"default","ast-page-background-meta":{"desktop":{"background-color":"var(--ast-global-color-4)","background-image":"","background-repeat":"repeat","background-position":"center center","background-size":"auto","background-attachment":"scroll","background-type":"","background-media":"","overlay-type":"","overlay-color":"","overlay-opacity":"","overlay-gradient":""},"tablet":{"background-color":"","background-image":"","background-repeat":"repeat","background-position":"center center","background-size":"auto","background-attachment":"scroll","background-type":"","background-media":"","overlay-type":"","overlay-color":"","overlay-opacity":"","overlay-gradient":""},"mobile":{"background-color":"","background-image":"","background-repeat":"repeat","background-position":"center center","background-size":"auto","background-attachment":"scroll","background-type":"","background-media":"","overlay-type":"","overlay-color":"","overlay-opacity":"","overlay-gradient":""}},"ast-content-background-meta":{"desktop":{"background-color":"var(--ast-global-color-5)","background-image":"","background-repeat":"repeat","background-position":"center center","background-size":"auto","background-attachment":"scroll","background-type":"","background-media":"","overlay-type":"","overlay-color":"","overlay-opacity":"","overlay-gradient":""},"tablet":{"background-color":"var(--ast-global-color-5)","background-image":"","background-repeat":"repeat","background-position":"center center","background-size":"auto","background-attachment":"scroll","background-type":"","background-media":"","overlay-type":"","overlay-color":"","overlay-opacity":"","overlay-gradient":""},"mobile":{"background-color":"var(--ast-global-color-5)","background-image":"","background-repeat":"repeat","background-position":"center center","background-size":"auto","background-attachment":"scroll","background-type":"","background-media":"","overlay-type":"","overlay-color":"","overlay-opacity":"","overlay-gradient":""}}},"product_brand":[],"product_cat":[22,28],"product_tag":[],"class_list":{"0":"post-1283","1":"product","2":"type-product","3":"status-publish","4":"has-post-thumbnail","6":"product_cat-sesiones","7":"product_cat-tarot","8":"desktop-align-left","9":"tablet-align-left","10":"mobile-align-left","12":"first","13":"instock","14":"shipping-taxable","15":"purchasable","16":"product-type-variable"},"aioseo_notices":[],"uagb_featured_image_src":{"full":["https:\/\/brujatarotista.com\/wp-content\/uploads\/2024\/10\/CARTAS-TODAS-IGUALES-TAMANO-11.png",1080,1080,false],"thumbnail":["https:\/\/brujatarotista.com\/wp-content\/uploads\/2024\/10\/CARTAS-TODAS-IGUALES-TAMANO-11-150x150.png",150,150,true],"medium":["https:\/\/brujatarotista.com\/wp-content\/uploads\/2024\/10\/CARTAS-TODAS-IGUALES-TAMANO-11-300x300.png",300,300,true],"medium_large":["https:\/\/brujatarotista.com\/wp-content\/uploads\/2024\/10\/CARTAS-TODAS-IGUALES-TAMANO-11-768x768.png",768,768,true],"large":["https:\/\/brujatarotista.com\/wp-content\/uploads\/2024\/10\/CARTAS-TODAS-IGUALES-TAMANO-11-1024x1024.png",1024,1024,true],"1536x1536":["https:\/\/brujatarotista.com\/wp-content\/uploads\/2024\/10\/CARTAS-TODAS-IGUALES-TAMANO-11.png",1080,1080,false],"2048x2048":["https:\/\/brujatarotista.com\/wp-content\/uploads\/2024\/10\/CARTAS-TODAS-IGUALES-TAMANO-11.png",1080,1080,false],"woocommerce_thumbnail":["https:\/\/brujatarotista.com\/wp-content\/uploads\/2024\/10\/CARTAS-TODAS-IGUALES-TAMANO-11-300x300.png",300,300,true],"woocommerce_single":["https:\/\/brujatarotista.com\/wp-content\/uploads\/2024\/10\/CARTAS-TODAS-IGUALES-TAMANO-11-600x600.png",600,600,true],"woocommerce_gallery_thumbnail":["https:\/\/brujatarotista.com\/wp-content\/uploads\/2024\/10\/CARTAS-TODAS-IGUALES-TAMANO-11-100x100.png",100,100,true]},"uagb_author_info":{"display_name":"Priscila Bisconti","author_link":"https:\/\/brujatarotista.com\/en\/author\/"},"uagb_comment_info":0,"uagb_excerpt":"\ud83c\udf19\ud83d\udd2e Lectura Espiritual Una lectura profunda y sagrada para conectar con tu alma, comprender tu proceso evolutivo y recibir gu\u00eda del plano espiritual. Ideal si: \u2728 Est\u00e1s atravesando un despertar espiritual \u2728 Sent\u00eds un llamado interno, pero no sab\u00e9s hacia d\u00f3nde ir \u2728 Est\u00e1s transitando un momento de transformaci\u00f3n o crisis \u2728 Quer\u00e9s alinear tu&hellip;","_links":{"self":[{"href":"https:\/\/brujatarotista.com\/en\/wp-json\/wp\/v2\/product\/1283","targetHints":{"allow":["GET"]}}],"collection":[{"href":"https:\/\/brujatarotista.com\/en\/wp-json\/wp\/v2\/product"}],"about":[{"href":"https:\/\/brujatarotista.com\/en\/wp-json\/wp\/v2\/types\/product"}],"replies":[{"embeddable":true,"href":"https:\/\/brujatarotista.com\/en\/wp-json\/wp\/v2\/comments?post=1283"}],"wp:featuredmedia":[{"embeddable":true,"href":"https:\/\/brujatarotista.com\/en\/wp-json\/wp\/v2\/media\/3416"}],"wp:attachment":[{"href":"https:\/\/brujatarotista.com\/en\/wp-json\/wp\/v2\/media?parent=1283"}],"wp:term":[{"taxonomy":"product_brand","embeddable":true,"href":"https:\/\/brujatarotista.com\/en\/wp-json\/wp\/v2\/product_brand?post=1283"},{"taxonomy":"product_cat","embeddable":true,"href":"https:\/\/brujatarotista.com\/en\/wp-json\/wp\/v2\/product_cat?post=1283"},{"taxonomy":"product_tag","embeddable":true,"href":"https:\/\/brujatarotista.com\/en\/wp-json\/wp\/v2\/product_tag?post=1283"}],"curies":[{"name":"wp","href":"https:\/\/api.w.org\/{rel}","templated":true}]}}