{"id":1294,"date":"2024-10-01T14:43:37","date_gmt":"2024-10-01T14:43:37","guid":{"rendered":"https:\/\/brujatarotista.com\/?post_type=product&#038;p=1294"},"modified":"2026-01-03T15:06:37","modified_gmt":"2026-01-03T15:06:37","slug":"lectura-anual","status":"publish","type":"product","link":"https:\/\/brujatarotista.com\/en\/product\/lectura-anual\/","title":{"rendered":"Lectura Anual"},"content":{"rendered":"<p><strong>\ud83d\udcc5\ud83d\udd2e Lectura Anual <\/strong><br \/>\nUna lectura completa para recibir la energ\u00eda de tu nuevo a\u00f1o con claridad, conciencia y direcci\u00f3n.<br \/>\nSe trata de una gu\u00eda mes a mes que te muestra los movimientos m\u00e1s importantes de tu ciclo personal, acompa\u00f1ada por cartas clave de integraci\u00f3n.<\/p>\n<p>Ideal para:<br \/>\n\u2728 Empezar el a\u00f1o con foco y prop\u00f3sito<br \/>\n\u2728 Alinear tus intenciones con tu energ\u00eda real<br \/>\n\u2728 Conectar con tu camino desde una visi\u00f3n m\u00e1s elevada<br \/>\n\u2728 Anticipar desaf\u00edos, oportunidades y tiempos clave<\/p>\n<p><strong>Se canaliza con 17 cartas del Tarot Rider Waite:<\/strong><\/p>\n<p><strong>\ud83d\uddd3\ufe0f 12 cartas (una por mes):<\/strong><br \/>\nCada carta representa la energ\u00eda predominante de ese mes: aprendizajes, oportunidades, desaf\u00edos y vibraci\u00f3n.<br \/>\n<strong>\ud83d\udcac 3 cartas de consejo general del a\u00f1o:<\/strong><br \/>\nUn mensaje espiritual y energ\u00e9tico que acompa\u00f1a todo el ciclo.<br \/>\n<strong>\ud83c\udf1f 1 carta de lo mejor del a\u00f1o:<\/strong><br \/>\nLo m\u00e1s luminoso que este ciclo puede traerte: una bendici\u00f3n, logro, revelaci\u00f3n o experiencia significativa.<br \/>\n<strong>\ud83c\udf11 1 carta de lo m\u00e1s desafiante del a\u00f1o:<\/strong><br \/>\nAquello que se presentar\u00e1 como obst\u00e1culo o prueba, y que te invitar\u00e1 a crecer.<\/p>\n<p>\ud83d\udcab Esta lectura es un mapa energ\u00e9tico para tu a\u00f1o completo: te muestra qu\u00e9 sembrar, qu\u00e9 soltar y qu\u00e9 esperar en cada etapa de tu camino. Una gu\u00eda poderosa para transitar el a\u00f1o con magia, conciencia y prop\u00f3sito.<\/p>\n","protected":false},"excerpt":{"rendered":"<p>\ud83d\udcc5\ud83d\udd2e Lectura Anual Una lectura completa para recibir la energ\u00eda de tu nuevo a\u00f1o con claridad, conciencia y direcci\u00f3n. Se trata de una gu\u00eda mes a mes que te muestra los movimientos m\u00e1s importantes de tu ciclo personal, acompa\u00f1ada por cartas clave de integraci\u00f3n. Ideal para: \u2728 Empezar el a\u00f1o con foco y prop\u00f3sito \u2728 [&hellip;]<\/p>\n","protected":false},"featured_media":3406,"comment_status":"open","ping_status":"closed","template":"","meta":{"_uag_custom_page_level_css":"","site-sidebar-layout":"default","site-content-layout":"","ast-site-content-layout":"default","site-content-style":"default","site-sidebar-style":"default","ast-global-header-display":"","ast-banner-title-visibility":"","ast-main-header-display":"","ast-hfb-above-header-display":"","ast-hfb-below-header-display":"","ast-hfb-mobile-header-display":"","site-post-title":"","ast-breadcrumbs-content":"","ast-featured-img":"","footer-sml-layout":"","theme-transparent-header-meta":"default","adv-header-id-meta":"","stick-header-meta":"","header-above-stick-meta":"","header-main-stick-meta":"","header-below-stick-meta":"","astra-migrate-meta-layouts":"set","ast-page-background-enabled":"default","ast-page-background-meta":{"desktop":{"background-color":"var(--ast-global-color-4)","background-image":"","background-repeat":"repeat","background-position":"center center","background-size":"auto","background-attachment":"scroll","background-type":"","background-media":"","overlay-type":"","overlay-color":"","overlay-opacity":"","overlay-gradient":""},"tablet":{"background-color":"","background-image":"","background-repeat":"repeat","background-position":"center center","background-size":"auto","background-attachment":"scroll","background-type":"","background-media":"","overlay-type":"","overlay-color":"","overlay-opacity":"","overlay-gradient":""},"mobile":{"background-color":"","background-image":"","background-repeat":"repeat","background-position":"center center","background-size":"auto","background-attachment":"scroll","background-type":"","background-media":"","overlay-type":"","overlay-color":"","overlay-opacity":"","overlay-gradient":""}},"ast-content-background-meta":{"desktop":{"background-color":"var(--ast-global-color-5)","background-image":"","background-repeat":"repeat","background-position":"center center","background-size":"auto","background-attachment":"scroll","background-type":"","background-media":"","overlay-type":"","overlay-color":"","overlay-opacity":"","overlay-gradient":""},"tablet":{"background-color":"var(--ast-global-color-5)","background-image":"","background-repeat":"repeat","background-position":"center center","background-size":"auto","background-attachment":"scroll","background-type":"","background-media":"","overlay-type":"","overlay-color":"","overlay-opacity":"","overlay-gradient":""},"mobile":{"background-color":"var(--ast-global-color-5)","background-image":"","background-repeat":"repeat","background-position":"center center","background-size":"auto","background-attachment":"scroll","background-type":"","background-media":"","overlay-type":"","overlay-color":"","overlay-opacity":"","overlay-gradient":""}}},"product_brand":[],"product_cat":[22,28],"product_tag":[],"class_list":{"0":"post-1294","1":"product","2":"type-product","3":"status-publish","4":"has-post-thumbnail","6":"product_cat-sesiones","7":"product_cat-tarot","8":"desktop-align-left","9":"tablet-align-left","10":"mobile-align-left","12":"first","13":"instock","14":"shipping-taxable","15":"purchasable","16":"product-type-variable"},"aioseo_notices":[],"uagb_featured_image_src":{"full":["https:\/\/brujatarotista.com\/wp-content\/uploads\/2024\/10\/CARTAS-TODAS-IGUALES-TAMANO-6.png",1080,1080,false],"thumbnail":["https:\/\/brujatarotista.com\/wp-content\/uploads\/2024\/10\/CARTAS-TODAS-IGUALES-TAMANO-6-150x150.png",150,150,true],"medium":["https:\/\/brujatarotista.com\/wp-content\/uploads\/2024\/10\/CARTAS-TODAS-IGUALES-TAMANO-6-300x300.png",300,300,true],"medium_large":["https:\/\/brujatarotista.com\/wp-content\/uploads\/2024\/10\/CARTAS-TODAS-IGUALES-TAMANO-6-768x768.png",768,768,true],"large":["https:\/\/brujatarotista.com\/wp-content\/uploads\/2024\/10\/CARTAS-TODAS-IGUALES-TAMANO-6-1024x1024.png",1024,1024,true],"1536x1536":["https:\/\/brujatarotista.com\/wp-content\/uploads\/2024\/10\/CARTAS-TODAS-IGUALES-TAMANO-6.png",1080,1080,false],"2048x2048":["https:\/\/brujatarotista.com\/wp-content\/uploads\/2024\/10\/CARTAS-TODAS-IGUALES-TAMANO-6.png",1080,1080,false],"woocommerce_thumbnail":["https:\/\/brujatarotista.com\/wp-content\/uploads\/2024\/10\/CARTAS-TODAS-IGUALES-TAMANO-6-300x300.png",300,300,true],"woocommerce_single":["https:\/\/brujatarotista.com\/wp-content\/uploads\/2024\/10\/CARTAS-TODAS-IGUALES-TAMANO-6-600x600.png",600,600,true],"woocommerce_gallery_thumbnail":["https:\/\/brujatarotista.com\/wp-content\/uploads\/2024\/10\/CARTAS-TODAS-IGUALES-TAMANO-6-100x100.png",100,100,true]},"uagb_author_info":{"display_name":"Priscila Bisconti","author_link":"https:\/\/brujatarotista.com\/en\/author\/"},"uagb_comment_info":0,"uagb_excerpt":"\ud83d\udcc5\ud83d\udd2e Lectura Anual Una lectura completa para recibir la energ\u00eda de tu nuevo a\u00f1o con claridad, conciencia y direcci\u00f3n. Se trata de una gu\u00eda mes a mes que te muestra los movimientos m\u00e1s importantes de tu ciclo personal, acompa\u00f1ada por cartas clave de integraci\u00f3n. Ideal para: \u2728 Empezar el a\u00f1o con foco y prop\u00f3sito \u2728&hellip;","_links":{"self":[{"href":"https:\/\/brujatarotista.com\/en\/wp-json\/wp\/v2\/product\/1294","targetHints":{"allow":["GET"]}}],"collection":[{"href":"https:\/\/brujatarotista.com\/en\/wp-json\/wp\/v2\/product"}],"about":[{"href":"https:\/\/brujatarotista.com\/en\/wp-json\/wp\/v2\/types\/product"}],"replies":[{"embeddable":true,"href":"https:\/\/brujatarotista.com\/en\/wp-json\/wp\/v2\/comments?post=1294"}],"wp:featuredmedia":[{"embeddable":true,"href":"https:\/\/brujatarotista.com\/en\/wp-json\/wp\/v2\/media\/3406"}],"wp:attachment":[{"href":"https:\/\/brujatarotista.com\/en\/wp-json\/wp\/v2\/media?parent=1294"}],"wp:term":[{"taxonomy":"product_brand","embeddable":true,"href":"https:\/\/brujatarotista.com\/en\/wp-json\/wp\/v2\/product_brand?post=1294"},{"taxonomy":"product_cat","embeddable":true,"href":"https:\/\/brujatarotista.com\/en\/wp-json\/wp\/v2\/product_cat?post=1294"},{"taxonomy":"product_tag","embeddable":true,"href":"https:\/\/brujatarotista.com\/en\/wp-json\/wp\/v2\/product_tag?post=1294"}],"curies":[{"name":"wp","href":"https:\/\/api.w.org\/{rel}","templated":true}]}}