{"id":1306,"date":"2024-10-01T14:49:41","date_gmt":"2024-10-01T14:49:41","guid":{"rendered":"https:\/\/brujatarotista.com\/?post_type=product&#038;p=1306"},"modified":"2025-06-05T17:48:57","modified_gmt":"2025-06-05T17:48:57","slug":"lectura-pareja-vinculo-espanol","status":"publish","type":"product","link":"https:\/\/brujatarotista.com\/en\/product\/lectura-pareja-vinculo-espanol\/","title":{"rendered":"Lectura Pareja\/V\u00ednculo Espa\u00f1ola"},"content":{"rendered":"<p><strong><span>La lectura pareja o v\u00ednculo<\/span><\/strong><span>\u00a0tiene como objetivo revelar la din\u00e1mica de energ\u00eda existente entre dos personas en una relaci\u00f3n amorosa. Esta lectura se realiza utilizando el mazo de tarot espa\u00f1ol y se presenta como una herramienta valiosa para explorar los aspectos que pueden estar influyendo en la relaci\u00f3n y para obtener orientaci\u00f3n sobre c\u00f3mo mejorarla. A trav\u00e9s de esta lectura, es posible informaci\u00f3n detallada sobre las fortalezas y debilidades de la relaci\u00f3n, adem\u00e1s de recibir consejos sobre c\u00f3mo abordar los problemas existentes y c\u00f3mo construir una relaci\u00f3n m\u00e1s s\u00f3lida y satisfactoria. Esta lectura es una herramienta poderosa para comprender a profundidad una relaci\u00f3n amorosa y potenciar la conexi\u00f3n emocional entre ambas personas.<\/span><\/p>\n","protected":false},"excerpt":{"rendered":"<p>La lectura pareja o v\u00ednculo\u00a0tiene como objetivo revelar la din\u00e1mica de energ\u00eda existente entre dos personas en una relaci\u00f3n amorosa. Esta lectura se realiza utilizando el mazo de tarot espa\u00f1ol y se presenta como una herramienta valiosa para explorar los aspectos que pueden estar influyendo en la relaci\u00f3n y para obtener orientaci\u00f3n sobre c\u00f3mo mejorarla. [&hellip;]<\/p>\n","protected":false},"featured_media":2682,"comment_status":"open","ping_status":"closed","template":"","meta":{"_uag_custom_page_level_css":"","site-sidebar-layout":"default","site-content-layout":"","ast-site-content-layout":"default","site-content-style":"default","site-sidebar-style":"default","ast-global-header-display":"","ast-banner-title-visibility":"","ast-main-header-display":"","ast-hfb-above-header-display":"","ast-hfb-below-header-display":"","ast-hfb-mobile-header-display":"","site-post-title":"","ast-breadcrumbs-content":"","ast-featured-img":"","footer-sml-layout":"","theme-transparent-header-meta":"default","adv-header-id-meta":"","stick-header-meta":"","header-above-stick-meta":"","header-main-stick-meta":"","header-below-stick-meta":"","astra-migrate-meta-layouts":"set","ast-page-background-enabled":"default","ast-page-background-meta":{"desktop":{"background-color":"var(--ast-global-color-4)","background-image":"","background-repeat":"repeat","background-position":"center center","background-size":"auto","background-attachment":"scroll","background-type":"","background-media":"","overlay-type":"","overlay-color":"","overlay-opacity":"","overlay-gradient":""},"tablet":{"background-color":"","background-image":"","background-repeat":"repeat","background-position":"center center","background-size":"auto","background-attachment":"scroll","background-type":"","background-media":"","overlay-type":"","overlay-color":"","overlay-opacity":"","overlay-gradient":""},"mobile":{"background-color":"","background-image":"","background-repeat":"repeat","background-position":"center center","background-size":"auto","background-attachment":"scroll","background-type":"","background-media":"","overlay-type":"","overlay-color":"","overlay-opacity":"","overlay-gradient":""}},"ast-content-background-meta":{"desktop":{"background-color":"var(--ast-global-color-5)","background-image":"","background-repeat":"repeat","background-position":"center center","background-size":"auto","background-attachment":"scroll","background-type":"","background-media":"","overlay-type":"","overlay-color":"","overlay-opacity":"","overlay-gradient":""},"tablet":{"background-color":"var(--ast-global-color-5)","background-image":"","background-repeat":"repeat","background-position":"center center","background-size":"auto","background-attachment":"scroll","background-type":"","background-media":"","overlay-type":"","overlay-color":"","overlay-opacity":"","overlay-gradient":""},"mobile":{"background-color":"var(--ast-global-color-5)","background-image":"","background-repeat":"repeat","background-position":"center center","background-size":"auto","background-attachment":"scroll","background-type":"","background-media":"","overlay-type":"","overlay-color":"","overlay-opacity":"","overlay-gradient":""}}},"product_brand":[],"product_cat":[22,28],"product_tag":[],"class_list":{"0":"post-1306","1":"product","2":"type-product","3":"status-publish","4":"has-post-thumbnail","6":"product_cat-sesiones","7":"product_cat-tarot","8":"desktop-align-left","9":"tablet-align-left","10":"mobile-align-left","12":"first","13":"instock","14":"shipping-taxable","15":"purchasable","16":"product-type-variable"},"aioseo_notices":[],"uagb_featured_image_src":{"full":["https:\/\/brujatarotista.com\/wp-content\/uploads\/2024\/10\/Lectura-pareja_vinculo-espanola-2.png",1080,1080,false],"thumbnail":["https:\/\/brujatarotista.com\/wp-content\/uploads\/2024\/10\/Lectura-pareja_vinculo-espanola-2-150x150.png",150,150,true],"medium":["https:\/\/brujatarotista.com\/wp-content\/uploads\/2024\/10\/Lectura-pareja_vinculo-espanola-2-300x300.png",300,300,true],"medium_large":["https:\/\/brujatarotista.com\/wp-content\/uploads\/2024\/10\/Lectura-pareja_vinculo-espanola-2-768x768.png",768,768,true],"large":["https:\/\/brujatarotista.com\/wp-content\/uploads\/2024\/10\/Lectura-pareja_vinculo-espanola-2-1024x1024.png",1024,1024,true],"1536x1536":["https:\/\/brujatarotista.com\/wp-content\/uploads\/2024\/10\/Lectura-pareja_vinculo-espanola-2.png",1080,1080,false],"2048x2048":["https:\/\/brujatarotista.com\/wp-content\/uploads\/2024\/10\/Lectura-pareja_vinculo-espanola-2.png",1080,1080,false],"woocommerce_thumbnail":["https:\/\/brujatarotista.com\/wp-content\/uploads\/2024\/10\/Lectura-pareja_vinculo-espanola-2-300x300.png",300,300,true],"woocommerce_single":["https:\/\/brujatarotista.com\/wp-content\/uploads\/2024\/10\/Lectura-pareja_vinculo-espanola-2-600x600.png",600,600,true],"woocommerce_gallery_thumbnail":["https:\/\/brujatarotista.com\/wp-content\/uploads\/2024\/10\/Lectura-pareja_vinculo-espanola-2-100x100.png",100,100,true]},"uagb_author_info":{"display_name":"Priscila Bisconti","author_link":"https:\/\/brujatarotista.com\/en\/author\/"},"uagb_comment_info":0,"uagb_excerpt":"La lectura pareja o v\u00ednculo\u00a0tiene como objetivo revelar la din\u00e1mica de energ\u00eda existente entre dos personas en una relaci\u00f3n amorosa. Esta lectura se realiza utilizando el mazo de tarot espa\u00f1ol y se presenta como una herramienta valiosa para explorar los aspectos que pueden estar influyendo en la relaci\u00f3n y para obtener orientaci\u00f3n sobre c\u00f3mo mejorarla.&hellip;","_links":{"self":[{"href":"https:\/\/brujatarotista.com\/en\/wp-json\/wp\/v2\/product\/1306","targetHints":{"allow":["GET"]}}],"collection":[{"href":"https:\/\/brujatarotista.com\/en\/wp-json\/wp\/v2\/product"}],"about":[{"href":"https:\/\/brujatarotista.com\/en\/wp-json\/wp\/v2\/types\/product"}],"replies":[{"embeddable":true,"href":"https:\/\/brujatarotista.com\/en\/wp-json\/wp\/v2\/comments?post=1306"}],"wp:featuredmedia":[{"embeddable":true,"href":"https:\/\/brujatarotista.com\/en\/wp-json\/wp\/v2\/media\/2682"}],"wp:attachment":[{"href":"https:\/\/brujatarotista.com\/en\/wp-json\/wp\/v2\/media?parent=1306"}],"wp:term":[{"taxonomy":"product_brand","embeddable":true,"href":"https:\/\/brujatarotista.com\/en\/wp-json\/wp\/v2\/product_brand?post=1306"},{"taxonomy":"product_cat","embeddable":true,"href":"https:\/\/brujatarotista.com\/en\/wp-json\/wp\/v2\/product_cat?post=1306"},{"taxonomy":"product_tag","embeddable":true,"href":"https:\/\/brujatarotista.com\/en\/wp-json\/wp\/v2\/product_tag?post=1306"}],"curies":[{"name":"wp","href":"https:\/\/api.w.org\/{rel}","templated":true}]}}