{"id":1312,"date":"2024-10-01T14:51:48","date_gmt":"2024-10-01T14:51:48","guid":{"rendered":"https:\/\/brujatarotista.com\/?post_type=product&#038;p=1312"},"modified":"2026-02-06T13:33:43","modified_gmt":"2026-02-06T13:33:43","slug":"lectura-general-espanola","status":"publish","type":"product","link":"https:\/\/brujatarotista.com\/en\/product\/lectura-general-espanola\/","title":{"rendered":"Lectura General Espa\u00f1ola"},"content":{"rendered":"<p><strong><strong>La Lectura General Espa\u00f1ola<\/strong> utiliza todo el mazo completo para revelar la energ\u00eda disponible en la vida del consultante en este momento.<\/p>\n<p>Al leerse todas las cartas, se obtiene una visi\u00f3n profunda, amplia y detallada de la situaci\u00f3n actual, permitiendo comprender qu\u00e9 energ\u00edas est\u00e1n activas, cu\u00e1les se est\u00e1n bloqueando y hacia d\u00f3nde se dirige el proceso personal.<\/p>\n<p>Esta lectura es una herramienta poderosa para ganar claridad, orientaci\u00f3n y conciencia sobre los distintos aspectos de la vida: emocional, espiritual, laboral y personal.<\/p>\n<p>\u2728 Adem\u00e1s, pod\u00e9s sumar 1, 3 o 5 preguntas espec\u00edficas sobre el tema que desees profundizar, adaptando la lectura a tus inquietudes actuales.<\/p>\n<p>Ideal si busc\u00e1s una gu\u00eda completa, honesta y profunda sobre tu momento energ\u00e9tico presente.<\/p>\n","protected":false},"excerpt":{"rendered":"<p>La Lectura General Espa\u00f1ola utiliza todo el mazo completo para revelar la energ\u00eda disponible en la vida del consultante en este momento. Al leerse todas las cartas, se obtiene una visi\u00f3n profunda, amplia y detallada de la situaci\u00f3n actual, permitiendo comprender qu\u00e9 energ\u00edas est\u00e1n activas, cu\u00e1les se est\u00e1n bloqueando y hacia d\u00f3nde se dirige el [&hellip;]<\/p>\n","protected":false},"featured_media":2678,"comment_status":"open","ping_status":"closed","template":"","meta":{"_uag_custom_page_level_css":"","site-sidebar-layout":"default","site-content-layout":"","ast-site-content-layout":"default","site-content-style":"default","site-sidebar-style":"default","ast-global-header-display":"","ast-banner-title-visibility":"","ast-main-header-display":"","ast-hfb-above-header-display":"","ast-hfb-below-header-display":"","ast-hfb-mobile-header-display":"","site-post-title":"","ast-breadcrumbs-content":"","ast-featured-img":"","footer-sml-layout":"","theme-transparent-header-meta":"default","adv-header-id-meta":"","stick-header-meta":"","header-above-stick-meta":"","header-main-stick-meta":"","header-below-stick-meta":"","astra-migrate-meta-layouts":"set","ast-page-background-enabled":"default","ast-page-background-meta":{"desktop":{"background-color":"var(--ast-global-color-4)","background-image":"","background-repeat":"repeat","background-position":"center center","background-size":"auto","background-attachment":"scroll","background-type":"","background-media":"","overlay-type":"","overlay-color":"","overlay-opacity":"","overlay-gradient":""},"tablet":{"background-color":"","background-image":"","background-repeat":"repeat","background-position":"center center","background-size":"auto","background-attachment":"scroll","background-type":"","background-media":"","overlay-type":"","overlay-color":"","overlay-opacity":"","overlay-gradient":""},"mobile":{"background-color":"","background-image":"","background-repeat":"repeat","background-position":"center center","background-size":"auto","background-attachment":"scroll","background-type":"","background-media":"","overlay-type":"","overlay-color":"","overlay-opacity":"","overlay-gradient":""}},"ast-content-background-meta":{"desktop":{"background-color":"var(--ast-global-color-5)","background-image":"","background-repeat":"repeat","background-position":"center center","background-size":"auto","background-attachment":"scroll","background-type":"","background-media":"","overlay-type":"","overlay-color":"","overlay-opacity":"","overlay-gradient":""},"tablet":{"background-color":"var(--ast-global-color-5)","background-image":"","background-repeat":"repeat","background-position":"center center","background-size":"auto","background-attachment":"scroll","background-type":"","background-media":"","overlay-type":"","overlay-color":"","overlay-opacity":"","overlay-gradient":""},"mobile":{"background-color":"var(--ast-global-color-5)","background-image":"","background-repeat":"repeat","background-position":"center center","background-size":"auto","background-attachment":"scroll","background-type":"","background-media":"","overlay-type":"","overlay-color":"","overlay-opacity":"","overlay-gradient":""}}},"product_brand":[],"product_cat":[22,28],"product_tag":[],"class_list":{"0":"post-1312","1":"product","2":"type-product","3":"status-publish","4":"has-post-thumbnail","6":"product_cat-sesiones","7":"product_cat-tarot","8":"desktop-align-left","9":"tablet-align-left","10":"mobile-align-left","12":"first","13":"instock","14":"shipping-taxable","15":"purchasable","16":"product-type-variable"},"aioseo_notices":[],"uagb_featured_image_src":{"full":["https:\/\/brujatarotista.com\/wp-content\/uploads\/2024\/10\/Lectura-general-espanola-2.png",1080,1080,false],"thumbnail":["https:\/\/brujatarotista.com\/wp-content\/uploads\/2024\/10\/Lectura-general-espanola-2-150x150.png",150,150,true],"medium":["https:\/\/brujatarotista.com\/wp-content\/uploads\/2024\/10\/Lectura-general-espanola-2-300x300.png",300,300,true],"medium_large":["https:\/\/brujatarotista.com\/wp-content\/uploads\/2024\/10\/Lectura-general-espanola-2-768x768.png",768,768,true],"large":["https:\/\/brujatarotista.com\/wp-content\/uploads\/2024\/10\/Lectura-general-espanola-2-1024x1024.png",1024,1024,true],"1536x1536":["https:\/\/brujatarotista.com\/wp-content\/uploads\/2024\/10\/Lectura-general-espanola-2.png",1080,1080,false],"2048x2048":["https:\/\/brujatarotista.com\/wp-content\/uploads\/2024\/10\/Lectura-general-espanola-2.png",1080,1080,false],"woocommerce_thumbnail":["https:\/\/brujatarotista.com\/wp-content\/uploads\/2024\/10\/Lectura-general-espanola-2-300x300.png",300,300,true],"woocommerce_single":["https:\/\/brujatarotista.com\/wp-content\/uploads\/2024\/10\/Lectura-general-espanola-2-600x600.png",600,600,true],"woocommerce_gallery_thumbnail":["https:\/\/brujatarotista.com\/wp-content\/uploads\/2024\/10\/Lectura-general-espanola-2-100x100.png",100,100,true]},"uagb_author_info":{"display_name":"Priscila Bisconti","author_link":"https:\/\/brujatarotista.com\/en\/author\/"},"uagb_comment_info":0,"uagb_excerpt":"La Lectura General Espa\u00f1ola utiliza todo el mazo completo para revelar la energ\u00eda disponible en la vida del consultante en este momento. Al leerse todas las cartas, se obtiene una visi\u00f3n profunda, amplia y detallada de la situaci\u00f3n actual, permitiendo comprender qu\u00e9 energ\u00edas est\u00e1n activas, cu\u00e1les se est\u00e1n bloqueando y hacia d\u00f3nde se dirige el&hellip;","_links":{"self":[{"href":"https:\/\/brujatarotista.com\/en\/wp-json\/wp\/v2\/product\/1312","targetHints":{"allow":["GET"]}}],"collection":[{"href":"https:\/\/brujatarotista.com\/en\/wp-json\/wp\/v2\/product"}],"about":[{"href":"https:\/\/brujatarotista.com\/en\/wp-json\/wp\/v2\/types\/product"}],"replies":[{"embeddable":true,"href":"https:\/\/brujatarotista.com\/en\/wp-json\/wp\/v2\/comments?post=1312"}],"wp:featuredmedia":[{"embeddable":true,"href":"https:\/\/brujatarotista.com\/en\/wp-json\/wp\/v2\/media\/2678"}],"wp:attachment":[{"href":"https:\/\/brujatarotista.com\/en\/wp-json\/wp\/v2\/media?parent=1312"}],"wp:term":[{"taxonomy":"product_brand","embeddable":true,"href":"https:\/\/brujatarotista.com\/en\/wp-json\/wp\/v2\/product_brand?post=1312"},{"taxonomy":"product_cat","embeddable":true,"href":"https:\/\/brujatarotista.com\/en\/wp-json\/wp\/v2\/product_cat?post=1312"},{"taxonomy":"product_tag","embeddable":true,"href":"https:\/\/brujatarotista.com\/en\/wp-json\/wp\/v2\/product_tag?post=1312"}],"curies":[{"name":"wp","href":"https:\/\/api.w.org\/{rel}","templated":true}]}}